{"id":16,"date":"2020-03-11T19:25:18","date_gmt":"2020-03-11T19:25:18","guid":{"rendered":"http:\/\/sebastianhuther.com\/?page_id=16"},"modified":"2020-03-12T12:10:02","modified_gmt":"2020-03-12T12:10:02","slug":"vita","status":"publish","type":"page","link":"http:\/\/sebastianhuther.com\/?page_id=16","title":{"rendered":"Vita"},"content":{"rendered":"\n<p style=\"font-size:-1px\">Theater:<br> <strong>2019<\/strong><br> DIE DRAMATISCHE B\u00dcHNE:<br> \u201eDas Parfum\u201c, \u201eShakespeare gegen Goethe\u201c<br> PARADIESMEDIAL (Landungsbr\u00fccken Frankfurt):<br> \u201eBandscheibenvorfall\u201c<br> GRUSELDINNER:<br> \u201eGeisterj\u00e4ger John Sinclair\u201c<\/p>\n\n\n\n<p><strong>2018<\/strong><br> DIE DRAMATISCHE B\u00dcHNE:<br> \u201eLulu &#8211; Musical bizzarre\u201c, \u201eDer Boxer\u201c, \u201eDer Mieter\u201c<br> ENSEMBLE 9. NOVEMBER:<br> \u201eDie Uneinholbarkeit des Verfolgten\u201c<\/p>\n\n\n\n<p>2017<br> DIE DRAMATISCHE B\u00dcHNE:<br> \u201eLuther &#8211; Gott helfe mir\u201c, \u201eEin Sommernachtstraum\u201c, \u201eGef\u00e4hrliche Liebschaften\u201c<br> PARADIESMEDIAL (Landungsbr\u00fccken Frankfurt):\u201eGrill den Hunger (Die M\u00fclltrilogie III)\u201c<br> THEATER SKYLINE:<br> \u201e4YEO &#8211; For your eyes only\u201c<br> THEATER UMRISS:<br> \u201eSobald f\u00fcnf Jahre vergehen\u201c<br> GRUSELDINNER:<br> \u201eDracula\u201c, \u201eDie Experimente des Dr. Frankenstein\u201c<\/p>\n\n\n\n<p>2016<br>\nDIE DRAMATISCHE B\u00dcHNE:\u2028\u201eDie Leiden des Jungen Werther\u201e<br>\nPAPAGENO MUSIKTHEATER:<br>\n\u201eDie Bremer Stadtmusikanten\u201c<br>\nVOLKSTHEATER HESSEN:<br>\n&#8222;Zartbitter\u201c<br>\nGRUSELDINNER:<br>\n\u201eDr. Jekyll &amp; Mr. Hyde\u201c, \u201eFrankensteins Braut\u201c<\/p>\n\n\n\n<p>2015<br>\nDIE DRAMATISCHE B\u00dcHNE:\u2028\u201eNacht des Grauens 3\u201e<br>\nLANDUNGSBR\u00dcCKEN Frankfurt:<br>\n\u201eFabian &#8211; Der Gang vor die Hunde\u201c<br>\nPAPAGENO MUSIKTHEATER:\u2028\u201eEmil &amp; die Detektive\u201c, \u201eDie Scheek\u00f6nigin\u201c<br>\nPARADIESMEDIAL (Landungsbr\u00fccken Frankfurt):\u2028\u201eCyborgs &#8211; Hier bin ich \u00dcbermensch, hier darf ich sein (Die M\u00fclltrilogie II)\u201c<br>\nGRUSELDINNER:<br>\n\u201eJack the Ripper\u201c<\/p>\n\n\n\n<p>2014<br>\nDIE DRAMATISCHE B\u00dcHNE:\u2028&#8220;H\u00e4nsel &amp; Gretel, die D\u00e4monenj\u00e4ger&#8220;, &#8222;Die Science Fiction Nacht&#8220;<br>\nMAINZER KAMMERSPIELE:\u2028&#8220;Die M\u00f6rderkr\u00e4he&#8220;\u2028PARADIESMEDIAL (Landungsbr\u00fccken Frankfurt):\u2028&#8220;08-15-25 &#8211; Der Mensch lebt nicht vom M\u00fcll allein (Die M\u00fclltrilogie I)&#8220;<\/p>\n\n\n\n<p>2013<br>\nDIE DRAMATISCHE B\u00dcHNE:<br>\n&#8222;Die Fantasynacht&#8220;, &#8222;Die lange Comicnacht&#8220;\u2028LANDUNGSBR\u00dcCKEN Frankfurt:\u2028&#8220;Wer hat Angst vor Virginia Woolf?&#8220;\u2028PAPAGENO MUSIKTHEATER:\u2028&#8220;Urmel aus dem Eis&#8220;<\/p>\n\n\n\n<p>2012\u2028DIE DRAMATISCHE B\u00dcHNE:<br>\n&#8222;K\u00f6nig Lear&#8220;, &#8222;Kafkas Prozess&#8220;, &#8222;Maria Stuart&#8220;<br>\nPARADIESMEDIAL (Landungsbr\u00fccken Frankfurt):<br>\n&#8222;Spa\u00dfgewalt&#8220;, &#8222;Phobos &#8211; Wieviel Angst vertr\u00e4gt der Mensch?&#8220; \u2028<br>\n2011<br>\nDIE DRAMATISCHE B\u00dcHNE:\u2028&#8220;Mirandolina&#8220;, &#8222;Nacht des Grauens 2&#8220;<br>\nPAPAPGENO MUSIKTHEATER:<br>\n&#8222;Jim Knopf und Lukas der Lokomotivf\u00fchrer&#8220;, &#8222;Jim Knopf und die Wilde 13&#8220;<\/p>\n\n\n\n<p>2010<br>\nDIE DRAMATISCHE B\u00dcHNE:<br>\n&#8222;Der elektrische Harlekin&#8220;; &#8222;Don Juan&#8220;, &#8222;Nosferatu&#8220;, \u2028&#8220;Shakespeares Geliebte&#8220;<\/p>\n\n\n\n<p>2009<br>\nDIE DRAMATISCHE B\u00dcHNE: <br>\n&#8222;Der Ring des Nibelungen&#8220;; &#8222;Alice im Wunderland&#8220;, &#8222;Der Diener zweier Herren&#8220;\u2028<br>\n2008<br>\nDIE DRAMATISCHE B\u00dcHNE: <br>\n&#8222;Barbarella &#8211; Verwirrt im Weltall&#8220;; Was ihr wollt&#8220;<br>\nPAPAGENO MUSIKTHEATER: <br>\n&#8222;Der Kleine Muck&#8220;, &#8222;Schwarzer Peter &#8211; Der Sterndeuter&#8220;, &#8222;Der Nussknacker&#8220;<\/p>\n\n\n\n<p>2007<br>\nDIE DRAMATISCHE B\u00dcHNE:<br>\n&#8222;Der Sturm&#8220;; &#8222;Moulin Rouge&#8220;; &#8222;Goethe meets Senckenberg&#8220;, &#8222;Der Graf von Monte Christo&#8220;; &#8222;Caveman Reloaded&#8220;<br>\nPAPAGENO MUSIKTHEATER: <br>\n&#8222;S\u00e4ngerkrieg der Heidehasen&#8220;; &#8222;Die kleine Zauberfl\u00f6te&#8220;; &#8222;Tom Sawyer&#8220;; &#8222;Oliver Twist&#8220;, &#8222;Schneewei\u00dfchen und Rosenrot&#8220;<br>\n&nbsp;<br>\n2006<br>\nDIE DRAMATISCHE B\u00dcHNE: \u2028&#8220;Phantom der Oper&#8220;, &#8222;Dantons Tod&#8220;<br>\nPAPAGENO MUSIKTHEATER:<br>\n&#8222;Die Biene Maja&#8220;, &#8222;Peterchens Mondfahrt&#8220;<br>\nLANDUNGSBR\u00dcCKEN Frankfurt:<br>\n&#8222;Clockwork Orange&#8220;<\/p>\n\n\n\n<p>2005<br>\nDIE DRAMATISCHE B\u00dcHNE: <br>\n&#8222;Die drei Musketiere&#8220; , Performance &#8222;Synergetics&#8220; in Mannheim, Gastspiel als Puck im &#8222;Sommernachtstraum&#8220; in Lindau\/Bodensee.<br>\nPAPAGENO MUSIKTHEATER:<br>\n&#8222;Eine Weihnachtsgeschichte&#8220;.<\/p>\n\n\n\n<p>Sprecher:<br>\nseit 2014 u.a. &#8222;Call of duty&#8220;, &#8222;World of warcraft&#8220;, &#8222;Final Fantasy&#8220;<\/p>\n","protected":false},"excerpt":{"rendered":"<p>Theater: 2019 DIE DRAMATISCHE B\u00dcHNE: \u201eDas Parfum\u201c, \u201eShakespeare gegen Goethe\u201c PARADIESMEDIAL (Landungsbr\u00fccken Frankfurt): \u201eBandscheibenvorfall\u201c GRUSELDINNER: \u201eGeisterj\u00e4ger John Sinclair\u201c 2018 DIE DRAMATISCHE B\u00dcHNE: \u201eLulu &#8211; Musical bizzarre\u201c, \u201eDer Boxer\u201c, \u201eDer Mieter\u201c ENSEMBLE 9. NOVEMBER: \u201eDie Uneinholbarkeit des Verfolgten\u201c 2017 DIE DRAMATISCHE B\u00dcHNE: \u201eLuther &#8211; Gott helfe mir\u201c, \u201eEin Sommernachtstraum\u201c, \u201eGef\u00e4hrliche Liebschaften\u201c PARADIESMEDIAL (Landungsbr\u00fccken Frankfurt):\u201eGrill den Hunger [&hellip;]<\/p>\n","protected":false},"author":1,"featured_media":0,"parent":8,"menu_order":0,"comment_status":"closed","ping_status":"closed","template":"template-homepage.php","meta":{"footnotes":""},"class_list":["post-16","page","type-page","status-publish","hentry"],"_links":{"self":[{"href":"http:\/\/sebastianhuther.com\/index.php?rest_route=\/wp\/v2\/pages\/16","targetHints":{"allow":["GET"]}}],"collection":[{"href":"http:\/\/sebastianhuther.com\/index.php?rest_route=\/wp\/v2\/pages"}],"about":[{"href":"http:\/\/sebastianhuther.com\/index.php?rest_route=\/wp\/v2\/types\/page"}],"author":[{"embeddable":true,"href":"http:\/\/sebastianhuther.com\/index.php?rest_route=\/wp\/v2\/users\/1"}],"replies":[{"embeddable":true,"href":"http:\/\/sebastianhuther.com\/index.php?rest_route=%2Fwp%2Fv2%2Fcomments&post=16"}],"version-history":[{"count":1,"href":"http:\/\/sebastianhuther.com\/index.php?rest_route=\/wp\/v2\/pages\/16\/revisions"}],"predecessor-version":[{"id":17,"href":"http:\/\/sebastianhuther.com\/index.php?rest_route=\/wp\/v2\/pages\/16\/revisions\/17"}],"up":[{"embeddable":true,"href":"http:\/\/sebastianhuther.com\/index.php?rest_route=\/wp\/v2\/pages\/8"}],"wp:attachment":[{"href":"http:\/\/sebastianhuther.com\/index.php?rest_route=%2Fwp%2Fv2%2Fmedia&parent=16"}],"curies":[{"name":"wp","href":"https:\/\/api.w.org\/{rel}","templated":true}]}}